{"id":705,"date":"2023-11-29T14:27:53","date_gmt":"2023-11-29T13:27:53","guid":{"rendered":"http:\/\/defix.gdpsauveur.fr\/?page_id=705"},"modified":"2024-01-08T14:43:41","modified_gmt":"2024-01-08T13:43:41","slug":"mentions-legales","status":"publish","type":"page","link":"http:\/\/defix.gdpsauveur.fr\/?page_id=705","title":{"rendered":"Mentions L\u00e9gales"},"content":{"rendered":"\t\t<div data-elementor-type=\"wp-page\" data-elementor-id=\"705\" class=\"elementor elementor-705\">\n\t\t\t\t\t\t\t<div class=\"elementor-element elementor-element-c2164a5 e-flex e-con-boxed e-con e-parent\" data-id=\"c2164a5\" data-element_type=\"container\" data-settings=\"{&quot;jet_parallax_layout_list&quot;:[],&quot;content_width&quot;:&quot;boxed&quot;}\" data-core-v316-plus=\"true\">\n\t\t\t\t\t<div class=\"e-con-inner\">\n\t\t\t\t<div class=\"elementor-element elementor-element-d3a2caf elementor-widget elementor-widget-text-editor\" data-id=\"d3a2caf\" data-element_type=\"widget\" data-widget_type=\"text-editor.default\">\n\t\t\t\t<div class=\"elementor-widget-container\">\n\t\t\t<style>\/*! elementor - v3.17.0 - 08-11-2023 *\/\n.elementor-widget-text-editor.elementor-drop-cap-view-stacked .elementor-drop-cap{background-color:#69727d;color:#fff}.elementor-widget-text-editor.elementor-drop-cap-view-framed .elementor-drop-cap{color:#69727d;border:3px solid;background-color:transparent}.elementor-widget-text-editor:not(.elementor-drop-cap-view-default) .elementor-drop-cap{margin-top:8px}.elementor-widget-text-editor:not(.elementor-drop-cap-view-default) .elementor-drop-cap-letter{width:1em;height:1em}.elementor-widget-text-editor .elementor-drop-cap{float:left;text-align:center;line-height:1;font-size:50px}.elementor-widget-text-editor .elementor-drop-cap-letter{display:inline-block}<\/style>\t\t\t\t<header class=\"page-header\"><h1>Mentions l\u00e9gales<\/h1><\/header><section id=\"content\" class=\"page-content page-cms page-cms-2\"><div class=\"row\"><div class=\"col-sm-4\"><ul id=\"infoclient\"><li><strong>Raison sociale :<\/strong> SALAISON DE FIX<\/li><li><strong>Si\u00e8ge social :<\/strong>le bourg<\/li><li>43320 fix st geneys, France<\/li><li><strong>E-mail :<\/strong>contact@salaisondefix.fr<\/li><li><strong>T\u00e9l :<\/strong>04.71.57.02.12<\/li><li><strong>TVA :<\/strong> FR 92 750 926 529<\/li><li><strong>Siret<\/strong> : 750 926 529<\/li><\/ul><\/div><div class=\"col-sm-4\"><ul id=\"hebergeur\"><li><strong>H\u00e9bergeur :<\/strong> OVH<br \/>SAS inscrite au RCS de LILLE M\u00e9tropole sous le n\u00b0424 761 419 00045<br \/>Si\u00e8ge social : 2 rue Kellermann, 59100 Roubaix<br \/>T\u00e9l : 1007<\/li><\/ul><\/div><\/div><p>Le pr\u00e9sent site est la propri\u00e9t\u00e9 de sitti, \u00e9tablissement situ\u00e9 rue Emile Dewoitine ZA Papillon 37210 PARCAY MESLAY.<\/p><h3><strong>1 &#8211; Conditions d&#8217;utilisation du site<\/strong><\/h3><p>SALAISON DE FIX fournit ses services sous r\u00e9serve que vous vous engagiez \u00e0 respecter les pr\u00e9sentes conditions d&#8217;utilisation que SALAISON DE FIX sera libre de modifier \u00e0 tout moment.<\/p><h3><strong>2 &#8211; Propri\u00e9t\u00e9 intellectuelle<\/strong><\/h3><p>En accord avec les lois r\u00e9gissant la propri\u00e9t\u00e9 intellectuelle, la reproduction ou l&#8217;utilisation des \u00e9l\u00e9ments se trouvant dans ce site Internet, en totalit\u00e9 ou en partie est strictement interdite. Seules sont maintenues les exceptions l\u00e9gales dont notamment la repr\u00e9sentation dans le cadre du cercle de famille, la copie priv\u00e9e ou le droit de courte citation.<\/p><p>Ainsi, tous les textes, photos, logos, marques et autres \u00e9l\u00e9ments reproduits sur ce site sont r\u00e9serv\u00e9s et prot\u00e9g\u00e9s par le droit de la propri\u00e9t\u00e9 intellectuelle. (Droit auteur, droit voisin, droit des marques\u2026).<\/p><p>Toute repr\u00e9sentation totale ou partielle de ce site par quelque proc\u00e9d\u00e9 que ce soit, sans l&#8217;autorisation expresse de l&#8217;exploitant du site Internet est interdite et constituerait une contrefa\u00e7on sanctionn\u00e9e par les articles L 335-2 et suivants du Code de la propri\u00e9t\u00e9 intellectuelle.<\/p><p>Il en est de m\u00eame des \u00e9ventuelles bases de donn\u00e9es figurant sur le site Internet qui sont prot\u00e9g\u00e9es par les dispositions de la loi du 11 juillet 1998 portant transposition dans le Code de la propri\u00e9t\u00e9 intellectuelle (CPI) de la directive europ\u00e9enne du 11 mars 1996 relative \u00e0 la protection juridique des bases de donn\u00e9es.<\/p><h3><strong>3 &#8211; Donn\u00e9es personnelles<\/strong><\/h3><p>SALAISON DE FIX peut vous demander de renseigner des informations \u00e0 caract\u00e8re personnel afin de r\u00e9pondre \u00e0 vos demandes et\/ou vous adresser un devis.<\/p><p>Ces informations peuvent inclure des donn\u00e9es de contact telles que votre nom, votre adresse postale, votre adresse e-mail (personnelle ou professionnelle) et votre num\u00e9ro de t\u00e9l\u00e9phone.<\/p><p>Les donn\u00e9es \u00e0 caract\u00e8re personnel recueillies font l\u2019objet de traitements pour les finalit\u00e9s d\u00e9finies ci-dessus, sur le fondement de l\u2019ex\u00e9cution du contrat ou de mesures pr\u00e9contractuelles. Ces donn\u00e9es \u00e0 caract\u00e8re personnel ne sont pas transf\u00e9r\u00e9es \u00e0 des tiers. Ces donn\u00e9es \u00e0 caract\u00e8re personnel sont conserv\u00e9es pendant 3 ans \u00e0 compter de la fin de la relation commerciale ou, en l\u2019absence de relation commerciale, \u00e0 compter de la date de collecte.<\/p><p>Pendant cette p\u00e9riode de conservation des donn\u00e9es \u00e0 caract\u00e8re personnel, vous avez le droit de demander SALAISON DE FIX d\u2019avoir acc\u00e8s \u00e0 ces donn\u00e9es, de les rectifier, de demander leur effacement, de vous opposer au traitement de ces donn\u00e9es ou le limiter, de recevoir lesdites donn\u00e9es \u00e0 caract\u00e8re personnel sous un format structur\u00e9 afin de les transmettre \u00e0 un autre responsable de traitement (portabilit\u00e9 des donn\u00e9es) dans les conditions du R\u00e8glement g\u00e9n\u00e9ral sur la protection des donn\u00e9es (n\u00b02016\/679) et de la loi n\u00b078-17 du 6 janvier 1978 relative \u00e0 l\u2019informatique, aux fichiers et aux libert\u00e9s.<\/p><p>Ces droits peuvent \u00eatre exerc\u00e9s en contactant le responsable de traitement \u00e0 l\u2019adresse suivante : contact@salaisondefix.fr. <\/p><p>Conform\u00e9ment \u00e0 la r\u00e8glementation applicable, vos \u00e9ventuelles r\u00e9clamations peuvent \u00eatre d\u00e9pos\u00e9es aupr\u00e8s de la Commission Nationale Informatique et Libert\u00e9s \u2013 CNIL.<\/p><h3><strong>4 &#8211; Responsabilit\u00e9<\/strong><\/h3><p>SALAISON DE FIX d\u00e9cline toute responsabilit\u00e9 pour les difficult\u00e9s rencontr\u00e9es lors de l&#8217;acc\u00e8s \u00e0 son site ou pour toute d\u00e9faillance de communication.<\/p><p>SALAISON DE FIX se r\u00e9serve la possibilit\u00e9 de modifier, d&#8217;interrompre temporairement ou de fa\u00e7on permanente, toute ou une partie du site, sans pr\u00e9avis. SALAISON DE FIX ne pourra en aucun cas \u00eatre tenu pour responsable \u00e0 votre encontre ou \u00e0 l&#8217;encontre d&#8217;un tiers de toute modification, interruption ou suspension du site.<\/p><h3><strong>5 &#8211; Liens hypertextes<\/strong><\/h3><p>Vous \u00eates libres d&#8217;\u00e9tablir des liens vers ce site dans la mesure o\u00f9 ils ne portent pas atteinte \u00e0 l&#8217;image de son \u00e9diteur. Vous \u00eates autoris\u00e9s \u00e0 \u00e9tablir des liens vers les pages du site au format : html, php, xml.<\/p><p>La pratique du framing est interdite de m\u00eame que toute autre pratique ou technique susceptible d&#8217;engendrer une confusion dans l&#8217;esprit du public.<\/p><p>Sont prohib\u00e9s les liens profonds vers les documents aux formats pdf, Doc, ou rtf. En effet, ce type de document ne permet pas de prendre connaissance des pr\u00e9sentes conditions d&#8217;utilisation.<\/p><p>SALAISON DE FIX n&#8217;est en aucun cas responsable du contenu des sites Internet accessibles \u00e0 travers son site web.<\/p><p>Bonne visite.<\/p><\/section>\t\t\t\t\t\t<\/div>\n\t\t\t\t<\/div>\n\t\t\t\t\t<\/div>\n\t\t\t\t<\/div>\n\t\t\t\t\t\t\t<\/div>\n\t\t","protected":false},"excerpt":{"rendered":"<p>Mentions l\u00e9gales Raison sociale : SALAISON DE FIX Si\u00e8ge social :le bourg 43320 fix st geneys, France E-mail :contact@salaisondefix.fr T\u00e9l :04.71.57.02.12 TVA : FR 92 750 926 529 Siret : 750 926 529 H\u00e9bergeur : OVHSAS inscrite au RCS de LILLE M\u00e9tropole sous le n\u00b0424 761 419 00045Si\u00e8ge social : 2 rue Kellermann, 59100 RoubaixT\u00e9l [&hellip;]<\/p>\n","protected":false},"author":1,"featured_media":0,"parent":0,"menu_order":0,"comment_status":"closed","ping_status":"closed","template":"","meta":{"footnotes":""},"class_list":["post-705","page","type-page","status-publish","hentry"],"acf":[],"_links":{"self":[{"href":"http:\/\/defix.gdpsauveur.fr\/index.php?rest_route=\/wp\/v2\/pages\/705","targetHints":{"allow":["GET"]}}],"collection":[{"href":"http:\/\/defix.gdpsauveur.fr\/index.php?rest_route=\/wp\/v2\/pages"}],"about":[{"href":"http:\/\/defix.gdpsauveur.fr\/index.php?rest_route=\/wp\/v2\/types\/page"}],"author":[{"embeddable":true,"href":"http:\/\/defix.gdpsauveur.fr\/index.php?rest_route=\/wp\/v2\/users\/1"}],"replies":[{"embeddable":true,"href":"http:\/\/defix.gdpsauveur.fr\/index.php?rest_route=%2Fwp%2Fv2%2Fcomments&post=705"}],"version-history":[{"count":12,"href":"http:\/\/defix.gdpsauveur.fr\/index.php?rest_route=\/wp\/v2\/pages\/705\/revisions"}],"predecessor-version":[{"id":834,"href":"http:\/\/defix.gdpsauveur.fr\/index.php?rest_route=\/wp\/v2\/pages\/705\/revisions\/834"}],"wp:attachment":[{"href":"http:\/\/defix.gdpsauveur.fr\/index.php?rest_route=%2Fwp%2Fv2%2Fmedia&parent=705"}],"curies":[{"name":"wp","href":"https:\/\/api.w.org\/{rel}","templated":true}]}}